{"id":7,"date":"2017-04-27T16:34:16","date_gmt":"2017-04-27T14:34:16","guid":{"rendered":"http:\/\/kionet.pl\/?page_id=7"},"modified":"2023-02-15T12:25:29","modified_gmt":"2023-02-15T11:25:29","slug":"strona-glowna","status":"publish","type":"page","link":"https:\/\/kionet.pl\/","title":{"rendered":"Strona g\u0142\u00f3wna"},"content":{"rendered":"<p>Jeste\u015bmy zespo\u0142em do\u015bwiadczonych specjalist\u00f3w IT, kt\u00f3rzy oferuj\u0105 profesjonalne us\u0142ugi w zakresie projektowania, wdra\u017cania i utrzymywania sieci komputerowych oraz system\u00f3w informatycznych dla firm.<\/p>\n<p>Nasze us\u0142ugi obejmuj\u0105:<\/p>\n<p>Projektowanie sieci komputerowych &#8211; w oparciu o analiz\u0119 potrzeb Twojej firmy, zaprojektujemy sie\u0107 komputerow\u0105, kt\u00f3ra spe\u0142ni wymagania biznesowe i pozwoli na efektywn\u0105 prac\u0119.<\/p>\n<p>Instalacja i konfiguracja sieci &#8211; po zaprojektowaniu sieci, zainstalujemy j\u0105 w Twojej firmie i skonfigurujemy odpowiednio urz\u0105dzenia sieciowe, takie jak routery, prze\u0142\u0105czniki czy punkty dost\u0119powe.<\/p>\n<p>Utrzymywanie sieci komputerowych &#8211; zapewniamy bie\u017c\u0105c\u0105 opiek\u0119 nad sieci\u0105, kt\u00f3ra obejmuje m.in. monitorowanie stanu urz\u0105dze\u0144, aktualizacje oprogramowania czy rozwi\u0105zywanie awarii.<\/p>\n<p>Bezpiecze\u0144stwo sieci &#8211; dbamy o to, by Twoja sie\u0107 by\u0142a bezpieczna i chroniona przed atakami cybernetycznymi, instalujemy i konfigurujemy odpowiednie oprogramowanie antywirusowe i zapory ogniowe.<\/p>\n<p>Serwery i chmura obliczeniowa &#8211; oferujemy wdra\u017canie i utrzymywanie serwer\u00f3w oraz rozwi\u0105zania w chmurze obliczeniowej, co pozwoli na efektywne przechowywanie danych i uruchamianie aplikacji w Twojej firmie.<\/p>\n<p>Doradztwo IT &#8211; s\u0142u\u017cymy nasz\u0105 wiedz\u0105 i do\u015bwiadczeniem, oferuj\u0105c fachowe doradztwo IT, kt\u00f3re pozwoli na optymalizacj\u0119 koszt\u00f3w i wykorzystanie najnowszych rozwi\u0105za\u0144.<\/p>\n<p>Gwarantujemy:<\/p>\n<p>Indywidualne podej\u015bcie do ka\u017cdego klienta i dostosowanie oferty do jego potrzeb.<br \/>\nProfesjonalne podej\u015bcie i szybk\u0105 reakcj\u0119 na potrzeby klienta.<br \/>\nTerminowe i rzetelne wykonanie us\u0142ug.<br \/>\nWysok\u0105 jako\u015b\u0107 us\u0142ug i konkurencyjne ceny.<br \/>\nZapraszamy do skorzystania z naszych us\u0142ug i do\u0142\u0105czenia do grona zadowolonych klient\u00f3w!<\/p>\n<p>Je\u015bli potrzebujesz dodatkowych informacji, prosimy o kontakt z naszym zespo\u0142em.<\/p>\n","protected":false},"excerpt":{"rendered":"<p>Jeste\u015bmy zespo\u0142em do\u015bwiadczonych specjalist\u00f3w IT, kt\u00f3rzy oferuj\u0105 profesjonalne us\u0142ugi w zakresie projektowania, wdra\u017cania i utrzymywania sieci komputerowych oraz system\u00f3w informatycznych dla firm. Nasze us\u0142ugi obejmuj\u0105: Projektowanie sieci komputerowych &#8211; w oparciu o analiz\u0119 potrzeb Twojej firmy, zaprojektujemy sie\u0107 komputerow\u0105, kt\u00f3ra spe\u0142ni wymagania biznesowe i pozwoli na efektywn\u0105 prac\u0119. Instalacja i konfiguracja sieci &#8211; po zaprojektowaniu &hellip; <\/p>\n<p class=\"link-more\"><a href=\"https:\/\/kionet.pl\/\" class=\"more-link\">Czytaj dalej<span class=\"screen-reader-text\"> \u201eStrona g\u0142\u00f3wna\u201d<\/span><\/a><\/p>\n","protected":false},"author":1,"featured_media":0,"parent":0,"menu_order":0,"comment_status":"closed","ping_status":"closed","template":"","meta":{"footnotes":""},"class_list":["post-7","page","type-page","status-publish","hentry"],"_links":{"self":[{"href":"https:\/\/kionet.pl\/index.php\/wp-json\/wp\/v2\/pages\/7","targetHints":{"allow":["GET"]}}],"collection":[{"href":"https:\/\/kionet.pl\/index.php\/wp-json\/wp\/v2\/pages"}],"about":[{"href":"https:\/\/kionet.pl\/index.php\/wp-json\/wp\/v2\/types\/page"}],"author":[{"embeddable":true,"href":"https:\/\/kionet.pl\/index.php\/wp-json\/wp\/v2\/users\/1"}],"replies":[{"embeddable":true,"href":"https:\/\/kionet.pl\/index.php\/wp-json\/wp\/v2\/comments?post=7"}],"version-history":[{"count":7,"href":"https:\/\/kionet.pl\/index.php\/wp-json\/wp\/v2\/pages\/7\/revisions"}],"predecessor-version":[{"id":79,"href":"https:\/\/kionet.pl\/index.php\/wp-json\/wp\/v2\/pages\/7\/revisions\/79"}],"wp:attachment":[{"href":"https:\/\/kionet.pl\/index.php\/wp-json\/wp\/v2\/media?parent=7"}],"curies":[{"name":"wp","href":"https:\/\/api.w.org\/{rel}","templated":true}]}}