{"id":8,"date":"2017-04-27T16:34:16","date_gmt":"2017-04-27T14:34:16","guid":{"rendered":"http:\/\/kionet.pl\/?page_id=8"},"modified":"2023-02-22T09:37:47","modified_gmt":"2023-02-22T08:37:47","slug":"o-nas","status":"publish","type":"page","link":"https:\/\/kionet.pl\/index.php\/o-nas\/","title":{"rendered":"O nas"},"content":{"rendered":"<p>Dzia\u0142alno\u015bci\u0105 IT zajmujemy si\u0119 od 2000 roku. Przez ten czas nasz do\u015bwiadczony zesp\u00f3\u0142 wdro\u017cy\u0142 wiele rozwi\u0105za\u0144\u00a0 w wielu firmach.<\/p>\n<p>Wdro\u017cyli\u015bmy:<\/p>\n<ul>\n<li>sieci us\u0142ug domenowych oparte na serwerach RedHat, CentOS, Debian, Windows Server<\/li>\n<li>monitoringi sieci komputerowych oparte na Zentyal, Obserwium (kilkadziesi\u0105t obs\u0142ugiwanych prze\u0142\u0105cznik\u00f3w Cisco, AT, Mikrotik, Airlive, a tak\u017ce sterowniki przemys\u0142owe PLC.<\/li>\n<li>system infoboks\u00f3w i centralnego udost\u0119pniania dokumentacji dla pracownik\u00f3w<\/li>\n<li>systemy zdalnego dost\u0119pu do zasob\u00f3w lokalnych sieci firmowej<\/li>\n<li>systemy wielowarstwowego bezpiecze\u0144stwa ze sta\u0142ym monitoringiem<\/li>\n<li>wirtualizacje oparte na serwerach Dell PowerEdge: bazy danych SQL, kontenery, maszyny wiertulane, firewalle.<\/li>\n<\/ul>\n<p>Aktualnie skupiamy si\u0119 na rozwi\u0105zaniach dla przemys\u0142u oraz handlu. Wdra\u017camy nowe rozwi\u0105zania\u00a0 z zakresu:<\/p>\n<ul>\n<li>automatycznych backup\u00f3w danych klient\u00f3w &#8211; komputer\u00f3w ko\u0144cowych,<\/li>\n<li>implementacji zdalnego dost\u0119pu przez karty sieciowe na komputerach lub terminalach bezdyskowych,<\/li>\n<li>dost\u0119p\u00f3w tunelowych do zasob\u00f3w firmowych.<\/li>\n<\/ul>\n<p>Staramy si\u0119 stosowa\u0107 rozw\u0105zania, niewymagaj\u0105ce sta\u0142ej kontroli. Wdra\u017camy szerok\u0105 automatyzacj\u0119, co obni\u017ca zapotrzebowanie na koszty zwi\u0105zane z utrzymaniem infrastruktury.<\/p>\n","protected":false},"excerpt":{"rendered":"<p>Dzia\u0142alno\u015bci\u0105 IT zajmujemy si\u0119 od 2000 roku. Przez ten czas nasz do\u015bwiadczony zesp\u00f3\u0142 wdro\u017cy\u0142 wiele rozwi\u0105za\u0144\u00a0 w wielu firmach. Wdro\u017cyli\u015bmy: sieci us\u0142ug domenowych oparte na serwerach RedHat, CentOS, Debian, Windows Server monitoringi sieci komputerowych oparte na Zentyal, Obserwium (kilkadziesi\u0105t obs\u0142ugiwanych prze\u0142\u0105cznik\u00f3w Cisco, AT, Mikrotik, Airlive, a tak\u017ce sterowniki przemys\u0142owe PLC. system infoboks\u00f3w i centralnego udost\u0119pniania &hellip; <\/p>\n<p class=\"link-more\"><a href=\"https:\/\/kionet.pl\/index.php\/o-nas\/\" class=\"more-link\">Czytaj dalej<span class=\"screen-reader-text\"> \u201eO nas\u201d<\/span><\/a><\/p>\n","protected":false},"author":1,"featured_media":0,"parent":0,"menu_order":0,"comment_status":"closed","ping_status":"closed","template":"","meta":{"footnotes":""},"class_list":["post-8","page","type-page","status-publish","hentry"],"_links":{"self":[{"href":"https:\/\/kionet.pl\/index.php\/wp-json\/wp\/v2\/pages\/8","targetHints":{"allow":["GET"]}}],"collection":[{"href":"https:\/\/kionet.pl\/index.php\/wp-json\/wp\/v2\/pages"}],"about":[{"href":"https:\/\/kionet.pl\/index.php\/wp-json\/wp\/v2\/types\/page"}],"author":[{"embeddable":true,"href":"https:\/\/kionet.pl\/index.php\/wp-json\/wp\/v2\/users\/1"}],"replies":[{"embeddable":true,"href":"https:\/\/kionet.pl\/index.php\/wp-json\/wp\/v2\/comments?post=8"}],"version-history":[{"count":11,"href":"https:\/\/kionet.pl\/index.php\/wp-json\/wp\/v2\/pages\/8\/revisions"}],"predecessor-version":[{"id":102,"href":"https:\/\/kionet.pl\/index.php\/wp-json\/wp\/v2\/pages\/8\/revisions\/102"}],"wp:attachment":[{"href":"https:\/\/kionet.pl\/index.php\/wp-json\/wp\/v2\/media?parent=8"}],"curies":[{"name":"wp","href":"https:\/\/api.w.org\/{rel}","templated":true}]}}